{"id":2774,"date":"2022-04-19T22:29:17","date_gmt":"2022-04-19T22:29:17","guid":{"rendered":"https:\/\/www.vrtic-veseli-kutak.hr\/nova\/?page_id=2774"},"modified":"2026-02-05T09:09:18","modified_gmt":"2026-02-05T09:09:18","slug":"djelatnici","status":"publish","type":"page","link":"https:\/\/www.vrtic-veseli-kutak.hr\/nova\/djelatnici\/","title":{"rendered":"Djelatnici vrti\u0107a"},"content":{"rendered":"\n\t\t\t<!-- START Homepage slider 1 REVOLUTION SLIDER 6.5.19 --><p class=\"rs-p-wp-fix\"><\/p>\n\t\t\t<rs-module-wrap id=\"rev_slider_6_1_wrapper\" data-source=\"gallery\" style=\"visibility:hidden;background:#E9E9E9;padding:0;margin:0px auto;margin-top:0;margin-bottom:0;\">\n\t\t\t\t<rs-module id=\"rev_slider_6_1\" style=\"\" data-version=\"6.5.19\">\n\t\t\t\t\t<rs-slides>\n\t\t\t\t\t\t<rs-slide style=\"position: absolute;\" data-key=\"rs-19\" data-title=\"Slide\" data-thumb=\"\/\/www.vrtic-veseli-kutak.hr\/nova\/wp-content\/uploads\/2022\/04\/WhatsApp-Image-2022-04-14-at-17.35.27-3-100x50.jpeg\" data-anim=\"d:80;ms:1200;f:center;\" data-in=\"prst:rndany;o:0;x:cyc(-100%|0|100%);sx:cyc(1|0|1);sy:cyc(1|0|1);row:3;col:3;\" data-d3=\"f:cube;z:450;t:20;su:true;sc:#9e9e9e;\">\n\t\t\t\t\t\t\t<img loading=\"lazy\" decoding=\"async\" src=\"\/\/www.vrtic-veseli-kutak.hr\/nova\/wp-content\/plugins\/revslider\/public\/assets\/assets\/dummy.png\" alt=\"\" title=\"WhatsApp Image 2022-04-14 at 17.35.27 (3)\" width=\"1600\" height=\"1200\" class=\"rev-slidebg tp-rs-img rs-lazyload\" data-lazyload=\"\/\/www.vrtic-veseli-kutak.hr\/nova\/wp-content\/uploads\/2022\/04\/WhatsApp-Image-2022-04-14-at-17.35.27-3.jpeg\" data-no-retina>\n<!--\n\t\t\t\t\t\t\t--><rs-layer\n\t\t\t\t\t\t\t\tid=\"slider-6-slide-19-layer-1\" \n\t\t\t\t\t\t\t\tclass=\"kids-slider-header\"\n\t\t\t\t\t\t\t\tdata-type=\"text\"\n\t\t\t\t\t\t\t\tdata-color=\"rgba(255,255,255,1)\"\n\t\t\t\t\t\t\t\tdata-rsp_ch=\"on\"\n\t\t\t\t\t\t\t\tdata-xy=\"x:7px;y:303px;\"\n\t\t\t\t\t\t\t\tdata-text=\"s:43;l:36;fw:700;\"\n\t\t\t\t\t\t\t\tdata-padding=\"t:6;r:21;b:6;l:21;\"\n\t\t\t\t\t\t\t\tdata-border=\"bow:0px,0,0,0;bor:7px,7px,7px,7px;\"\n\t\t\t\t\t\t\t\tdata-frame_0=\"x:-90;\"\n\t\t\t\t\t\t\t\tdata-frame_1=\"st:200;sp:600;sR:200;\"\n\t\t\t\t\t\t\t\tdata-frame_999=\"o:0;e:nothing;st:w;sR:8200;\"\n\t\t\t\t\t\t\t\tstyle=\"z-index:5;background-color:rgba(49,133,204,1);font-family:'Lobster Two';\"\n\t\t\t\t\t\t\t>Odgojno-obrazovni rad \n\t\t\t\t\t\t\t<\/rs-layer><!--\n\n\t\t\t\t\t\t\t--><rs-layer\n\t\t\t\t\t\t\t\tid=\"slider-6-slide-19-layer-2\" \n\t\t\t\t\t\t\t\tclass=\"kids-slider-header-alt\"\n\t\t\t\t\t\t\t\tdata-type=\"text\"\n\t\t\t\t\t\t\t\tdata-color=\"rgba(255,255,255,1)\"\n\t\t\t\t\t\t\t\tdata-rsp_ch=\"on\"\n\t\t\t\t\t\t\t\tdata-xy=\"x:7px;y:355px;\"\n\t\t\t\t\t\t\t\tdata-text=\"s:19;l:22;\"\n\t\t\t\t\t\t\t\tdata-padding=\"t:8;r:21;b:8;l:21;\"\n\t\t\t\t\t\t\t\tdata-border=\"bor:7px,7px,7px,7px;\"\n\t\t\t\t\t\t\t\tdata-frame_0=\"x:-90;\"\n\t\t\t\t\t\t\t\tdata-frame_1=\"st:500;sp:600;sR:500;\"\n\t\t\t\t\t\t\t\tdata-frame_999=\"o:0;e:nothing;st:w;sR:7900;\"\n\t\t\t\t\t\t\t\tstyle=\"z-index:6;background-color:rgba(255,99,60,1);font-family:'Lobster Two';\"\n\t\t\t\t\t\t\t>Humanisti\u010dko-razvojna koncepcija predstavlja stru\u010dnu podlogu u provo\u0111enju odgojno-obrazovnog rada \n\t\t\t\t\t\t\t<\/rs-layer><!--\n-->\t\t\t\t\t\t<\/rs-slide>\n\t\t\t\t\t\t<rs-slide style=\"position: absolute;\" data-key=\"rs-20\" data-title=\"Slide\" data-thumb=\"\/\/www.vrtic-veseli-kutak.hr\/nova\/wp-content\/uploads\/2022\/04\/WhatsApp-Image-2022-04-14-at-17.32.36-100x50.jpeg\" data-anim=\"d:20;ms:1210;\" data-in=\"prst:rndany;o:0;y:ran(-200|200);sx:2;sy:2;e:power3.Out;row:10;col:100;\" data-d3=\"f:cube;d:vertical;z:450;t:20;su:true;sc:#9e9e9e;\">\n\t\t\t\t\t\t\t<img loading=\"lazy\" decoding=\"async\" src=\"\/\/www.vrtic-veseli-kutak.hr\/nova\/wp-content\/plugins\/revslider\/public\/assets\/assets\/dummy.png\" alt=\"\" title=\"WhatsApp Image 2022-04-14 at 17.32.36\" width=\"2048\" height=\"1152\" class=\"rev-slidebg tp-rs-img rs-lazyload\" data-lazyload=\"\/\/www.vrtic-veseli-kutak.hr\/nova\/wp-content\/uploads\/2022\/04\/WhatsApp-Image-2022-04-14-at-17.32.36.jpeg\" data-no-retina>\n<!--\n\t\t\t\t\t\t\t--><rs-layer\n\t\t\t\t\t\t\t\tid=\"slider-6-slide-20-layer-1\" \n\t\t\t\t\t\t\t\tclass=\"kids-slider-header\"\n\t\t\t\t\t\t\t\tdata-type=\"text\"\n\t\t\t\t\t\t\t\tdata-color=\"rgba(255,255,255,1)\"\n\t\t\t\t\t\t\t\tdata-rsp_ch=\"on\"\n\t\t\t\t\t\t\t\tdata-xy=\"x:7px;y:303px;\"\n\t\t\t\t\t\t\t\tdata-text=\"s:43;l:36;fw:700;\"\n\t\t\t\t\t\t\t\tdata-padding=\"t:6;r:21;b:6;l:21;\"\n\t\t\t\t\t\t\t\tdata-border=\"bow:0px,0,0,0;bor:7px,7px,7px,7px;\"\n\t\t\t\t\t\t\t\tdata-frame_0=\"x:-90;\"\n\t\t\t\t\t\t\t\tdata-frame_1=\"st:200;sp:600;sR:200;\"\n\t\t\t\t\t\t\t\tdata-frame_999=\"o:0;e:nothing;st:w;sR:8200;\"\n\t\t\t\t\t\t\t\tstyle=\"z-index:5;background-color:rgba(49,133,204,1);font-family:'Lobster Two';\"\n\t\t\t\t\t\t\t>Poticanje cjelovitog razvoja djeteta  \n\t\t\t\t\t\t\t<\/rs-layer><!--\n\n\t\t\t\t\t\t\t--><rs-layer\n\t\t\t\t\t\t\t\tid=\"slider-6-slide-20-layer-2\" \n\t\t\t\t\t\t\t\tclass=\"kids-slider-header-alt\"\n\t\t\t\t\t\t\t\tdata-type=\"text\"\n\t\t\t\t\t\t\t\tdata-color=\"rgba(255,255,255,1)\"\n\t\t\t\t\t\t\t\tdata-rsp_ch=\"on\"\n\t\t\t\t\t\t\t\tdata-xy=\"x:7px;y:355px;\"\n\t\t\t\t\t\t\t\tdata-text=\"s:19;l:22;\"\n\t\t\t\t\t\t\t\tdata-padding=\"t:8;r:21;b:8;l:21;\"\n\t\t\t\t\t\t\t\tdata-border=\"bor:7px,7px,7px,7px;\"\n\t\t\t\t\t\t\t\tdata-frame_0=\"x:-90;\"\n\t\t\t\t\t\t\t\tdata-frame_1=\"st:500;sp:600;sR:500;\"\n\t\t\t\t\t\t\t\tdata-frame_999=\"o:0;e:nothing;st:w;sR:7900;\"\n\t\t\t\t\t\t\t\tstyle=\"z-index:6;background-color:rgba(255,99,60,1);font-family:'Lobster Two';\"\n\t\t\t\t\t\t\t>Poticanje cjelovitog razvoja djeteta i kvalitete njegovog \u017eivota slijede\u0107i na\u010dela humanisti\u010dko \u2013 razvojne koncepcije \n\t\t\t\t\t\t\t<\/rs-layer><!--\n-->\t\t\t\t\t\t<\/rs-slide>\n\t\t\t\t\t\t<rs-slide style=\"position: absolute;\" data-key=\"rs-17\" data-title=\"Slide\" data-thumb=\"\/\/www.vrtic-veseli-kutak.hr\/nova\/wp-content\/uploads\/2022\/04\/WhatsApp-Image-2022-04-14-at-17.32.36-100x50.jpeg\" data-anim=\"f:random;\" data-in=\"prst:rndany;o:0;r:ran(-45|45);sx:0;sy:0;row:5;col:5;\" data-out=\"a:false;\">\n\t\t\t\t\t\t\t<img loading=\"lazy\" decoding=\"async\" src=\"\/\/www.vrtic-veseli-kutak.hr\/nova\/wp-content\/plugins\/revslider\/public\/assets\/assets\/dummy.png\" alt=\"\" title=\"WhatsApp Image 2022-04-14 at 17.32.36\" width=\"2048\" height=\"1152\" class=\"rev-slidebg tp-rs-img rs-lazyload\" data-lazyload=\"\/\/www.vrtic-veseli-kutak.hr\/nova\/wp-content\/uploads\/2022\/04\/WhatsApp-Image-2022-04-14-at-17.32.36.jpeg\" data-no-retina>\n<!--\n\t\t\t\t\t\t\t--><rs-layer\n\t\t\t\t\t\t\t\tid=\"slider-6-slide-17-layer-1\" \n\t\t\t\t\t\t\t\tclass=\"kids-slider-header\"\n\t\t\t\t\t\t\t\tdata-type=\"text\"\n\t\t\t\t\t\t\t\tdata-color=\"rgba(255,255,255,1)\"\n\t\t\t\t\t\t\t\tdata-rsp_ch=\"on\"\n\t\t\t\t\t\t\t\tdata-xy=\"x:7px;y:303px;\"\n\t\t\t\t\t\t\t\tdata-text=\"s:43;l:36;fw:700;\"\n\t\t\t\t\t\t\t\tdata-padding=\"t:6;r:21;b:6;l:21;\"\n\t\t\t\t\t\t\t\tdata-border=\"bow:0px,0,0,0;bor:7px,7px,7px,7px;\"\n\t\t\t\t\t\t\t\tdata-frame_0=\"x:-90;\"\n\t\t\t\t\t\t\t\tdata-frame_1=\"st:200;sp:600;sR:200;\"\n\t\t\t\t\t\t\t\tdata-frame_999=\"o:0;e:nothing;st:w;sR:8200;\"\n\t\t\t\t\t\t\t\tstyle=\"z-index:5;background-color:rgba(49,133,204,1);font-family:'Lobster Two';\"\n\t\t\t\t\t\t\t>Kreiranje poticajnog vrti\u0107kog okru\u017eenja \n\t\t\t\t\t\t\t<\/rs-layer><!--\n\n\t\t\t\t\t\t\t--><rs-layer\n\t\t\t\t\t\t\t\tid=\"slider-6-slide-17-layer-2\" \n\t\t\t\t\t\t\t\tclass=\"kids-slider-header-alt\"\n\t\t\t\t\t\t\t\tdata-type=\"text\"\n\t\t\t\t\t\t\t\tdata-color=\"rgba(255,255,255,1)\"\n\t\t\t\t\t\t\t\tdata-rsp_ch=\"on\"\n\t\t\t\t\t\t\t\tdata-xy=\"x:7px;y:355px;\"\n\t\t\t\t\t\t\t\tdata-text=\"s:19;l:22;\"\n\t\t\t\t\t\t\t\tdata-padding=\"t:8;r:21;b:8;l:21;\"\n\t\t\t\t\t\t\t\tdata-border=\"bor:7px,7px,7px,7px;\"\n\t\t\t\t\t\t\t\tdata-frame_0=\"x:-90;\"\n\t\t\t\t\t\t\t\tdata-frame_1=\"st:500;sp:600;sR:500;\"\n\t\t\t\t\t\t\t\tdata-frame_999=\"o:0;e:nothing;st:w;sR:7900;\"\n\t\t\t\t\t\t\t\tstyle=\"z-index:6;background-color:rgba(255,99,60,1);font-family:'Lobster Two';\"\n\t\t\t\t\t\t\t>Sukonstrukcija djetetovog znanja u stalnoj interakciji s okolinom \n\t\t\t\t\t\t\t<\/rs-layer><!--\n-->\t\t\t\t\t\t<\/rs-slide>\n\t\t\t\t\t\t<rs-slide style=\"position: absolute;\" data-key=\"rs-18\" data-title=\"Slide\" data-thumb=\"\/\/www.vrtic-veseli-kutak.hr\/nova\/wp-content\/uploads\/2022\/04\/WhatsApp-Image-2022-04-14-at-17.32.36-4-100x50.jpeg\" data-anim=\"o:outin;\" data-in=\"prst:rndany;o:0;sx:0.85;sy:0.85;\" data-out=\"y:-100%;\">\n\t\t\t\t\t\t\t<img loading=\"lazy\" decoding=\"async\" src=\"\/\/www.vrtic-veseli-kutak.hr\/nova\/wp-content\/plugins\/revslider\/public\/assets\/assets\/dummy.png\" alt=\"\" title=\"WhatsApp Image 2022-04-14 at 17.32.36 (4)\" width=\"2048\" height=\"1152\" class=\"rev-slidebg tp-rs-img rs-lazyload\" data-lazyload=\"\/\/www.vrtic-veseli-kutak.hr\/nova\/wp-content\/uploads\/2022\/04\/WhatsApp-Image-2022-04-14-at-17.32.36-4.jpeg\" data-no-retina>\n<!--\n\t\t\t\t\t\t\t--><rs-layer\n\t\t\t\t\t\t\t\tid=\"slider-6-slide-18-layer-1\" \n\t\t\t\t\t\t\t\tclass=\"kids-slider-header\"\n\t\t\t\t\t\t\t\tdata-type=\"text\"\n\t\t\t\t\t\t\t\tdata-color=\"rgba(255,255,255,1)\"\n\t\t\t\t\t\t\t\tdata-rsp_ch=\"on\"\n\t\t\t\t\t\t\t\tdata-xy=\"x:7px;y:303px;\"\n\t\t\t\t\t\t\t\tdata-text=\"s:43;l:36;fw:700;\"\n\t\t\t\t\t\t\t\tdata-padding=\"t:6;r:21;b:6;l:21;\"\n\t\t\t\t\t\t\t\tdata-border=\"bow:0px,0,0,0;bor:7px,7px,7px,7px;\"\n\t\t\t\t\t\t\t\tdata-frame_0=\"x:-90;\"\n\t\t\t\t\t\t\t\tdata-frame_1=\"st:200;sp:600;sR:200;\"\n\t\t\t\t\t\t\t\tdata-frame_999=\"o:0;e:nothing;st:w;sR:8200;\"\n\t\t\t\t\t\t\t\tstyle=\"z-index:5;background-color:rgba(49,133,204,1);font-family:'Lobster Two';\"\n\t\t\t\t\t\t\t>Vrti\u0107 - dje\u010dja ku\u0107a \n\t\t\t\t\t\t\t<\/rs-layer><!--\n\n\t\t\t\t\t\t\t--><rs-layer\n\t\t\t\t\t\t\t\tid=\"slider-6-slide-18-layer-2\" \n\t\t\t\t\t\t\t\tclass=\"kids-slider-header-alt\"\n\t\t\t\t\t\t\t\tdata-type=\"text\"\n\t\t\t\t\t\t\t\tdata-color=\"rgba(255,255,255,1)\"\n\t\t\t\t\t\t\t\tdata-rsp_ch=\"on\"\n\t\t\t\t\t\t\t\tdata-xy=\"x:7px;y:355px;\"\n\t\t\t\t\t\t\t\tdata-text=\"s:19;l:22;\"\n\t\t\t\t\t\t\t\tdata-padding=\"t:8;r:21;b:8;l:21;\"\n\t\t\t\t\t\t\t\tdata-border=\"bor:7px,7px,7px,7px;\"\n\t\t\t\t\t\t\t\tdata-frame_0=\"x:-90;\"\n\t\t\t\t\t\t\t\tdata-frame_1=\"st:500;sp:600;sR:500;\"\n\t\t\t\t\t\t\t\tdata-frame_999=\"o:0;e:nothing;st:w;sR:7900;\"\n\t\t\t\t\t\t\t\tstyle=\"z-index:6;background-color:rgba(255,99,60,1);font-family:'Lobster Two';\"\n\t\t\t\t\t\t\t>Djeca i odrasli aktivno djeluju\u0107i zajedno u\u010de. \n\t\t\t\t\t\t\t<\/rs-layer><!--\n-->\t\t\t\t\t\t<\/rs-slide>\n\t\t\t\t\t\t<rs-slide style=\"position: absolute;\" data-key=\"rs-16\" data-title=\"Slide\" data-thumb=\"\/\/www.vrtic-veseli-kutak.hr\/nova\/wp-content\/uploads\/2022\/04\/WhatsApp-Image-2022-04-14-at-17.38.50-4-100x50.jpeg\" data-in=\"prst:rndany;y:-100%;\" data-out=\"y:60%;\">\n\t\t\t\t\t\t\t<img loading=\"lazy\" decoding=\"async\" src=\"\/\/www.vrtic-veseli-kutak.hr\/nova\/wp-content\/plugins\/revslider\/public\/assets\/assets\/dummy.png\" alt=\"\" title=\"WhatsApp Image 2022-04-14 at 17.38.50 (4)\" width=\"2048\" height=\"1152\" class=\"rev-slidebg tp-rs-img rs-lazyload\" data-lazyload=\"\/\/www.vrtic-veseli-kutak.hr\/nova\/wp-content\/uploads\/2022\/04\/WhatsApp-Image-2022-04-14-at-17.38.50-4.jpeg\" data-no-retina>\n<!--\n\t\t\t\t\t\t\t--><rs-layer\n\t\t\t\t\t\t\t\tid=\"slider-6-slide-16-layer-1\" \n\t\t\t\t\t\t\t\tclass=\"kids-slider-header\"\n\t\t\t\t\t\t\t\tdata-type=\"text\"\n\t\t\t\t\t\t\t\tdata-color=\"rgba(255,255,255,1)\"\n\t\t\t\t\t\t\t\tdata-rsp_ch=\"on\"\n\t\t\t\t\t\t\t\tdata-xy=\"x:7px;y:303px;\"\n\t\t\t\t\t\t\t\tdata-text=\"s:43;l:36;fw:700;\"\n\t\t\t\t\t\t\t\tdata-padding=\"t:6;r:21;b:6;l:21;\"\n\t\t\t\t\t\t\t\tdata-border=\"bow:0px,0,0,0;bor:7px,7px,7px,7px;\"\n\t\t\t\t\t\t\t\tdata-frame_0=\"x:-90;\"\n\t\t\t\t\t\t\t\tdata-frame_1=\"st:200;sp:600;sR:200;\"\n\t\t\t\t\t\t\t\tdata-frame_999=\"o:0;e:nothing;st:w;sR:8200;\"\n\t\t\t\t\t\t\t\tstyle=\"z-index:5;background-color:rgba(49,133,204,1);font-family:'Lobster Two';\"\n\t\t\t\t\t\t\t>Vizija ustanove \n\t\t\t\t\t\t\t<\/rs-layer><!--\n\n\t\t\t\t\t\t\t--><rs-layer\n\t\t\t\t\t\t\t\tid=\"slider-6-slide-16-layer-2\" \n\t\t\t\t\t\t\t\tclass=\"kids-slider-header-alt\"\n\t\t\t\t\t\t\t\tdata-type=\"text\"\n\t\t\t\t\t\t\t\tdata-color=\"rgba(255,255,255,1)\"\n\t\t\t\t\t\t\t\tdata-rsp_ch=\"on\"\n\t\t\t\t\t\t\t\tdata-xy=\"x:7px;y:355px;\"\n\t\t\t\t\t\t\t\tdata-text=\"s:19;l:22;\"\n\t\t\t\t\t\t\t\tdata-padding=\"t:8;r:21;b:8;l:21;\"\n\t\t\t\t\t\t\t\tdata-border=\"bor:7px,7px,7px,7px;\"\n\t\t\t\t\t\t\t\tdata-frame_0=\"x:-90;\"\n\t\t\t\t\t\t\t\tdata-frame_1=\"st:500;sp:600;sR:500;\"\n\t\t\t\t\t\t\t\tdata-frame_999=\"o:0;e:nothing;st:w;sR:7900;\"\n\t\t\t\t\t\t\t\tstyle=\"z-index:6;background-color:rgba(255,99,60,1);font-family:'Lobster Two';\"\n\t\t\t\t\t\t\t>Prepoznavati i poticati dje\u010dju kompetenciju, promi\u0161ljenim oboga\u0107ivanjem dje\u010djeg iskustva \n\t\t\t\t\t\t\t<\/rs-layer><!--\n-->\t\t\t\t\t\t<\/rs-slide>\n\t\t\t\t\t<\/rs-slides>\n\t\t\t\t<\/rs-module>\n\t\t\t\t<script>\n\t\t\t\t\tsetREVStartSize({c: 'rev_slider_6_1',rl:[1240,1024,778,480],el:[400],gw:[1150],gh:[400],type:'standard',justify:'',layout:'fullwidth',mh:\"0\"});if (window.RS_MODULES!==undefined && window.RS_MODULES.modules!==undefined && window.RS_MODULES.modules[\"revslider61\"]!==undefined) {window.RS_MODULES.modules[\"revslider61\"].once = false;window.revapi6 = undefined;if (window.RS_MODULES.checkMinimal!==undefined) window.RS_MODULES.checkMinimal()}\n\t\t\t\t<\/script>\n\t\t\t<\/rs-module-wrap>\n\t\t\t<!-- END REVOLUTION SLIDER -->\n\n<p><style>\/*! elementor - v3.6.5 - 27-04-2022 *\/<br \/>.elementor-widget-image{text-align:center}.elementor-widget-image a{display:inline-block}.elementor-widget-image a img[src$=\".svg\"]{width:48px}.elementor-widget-image img{vertical-align:middle;display:inline-block}<\/style><\/p>\n\n<div class=\"wp-block-image\">\n<figure class=\"aligncenter size-large\"><img loading=\"lazy\" decoding=\"async\" width=\"1024\" height=\"724\" src=\"https:\/\/www.vrtic-veseli-kutak.hr\/nova\/wp-content\/uploads\/2026\/02\/Djelatnici-Organizacija-rada-u-Djecjem-vrticu-1-1024x724.jpg\" alt=\"\" class=\"wp-image-3487\" srcset=\"https:\/\/www.vrtic-veseli-kutak.hr\/nova\/wp-content\/uploads\/2026\/02\/Djelatnici-Organizacija-rada-u-Djecjem-vrticu-1-1024x724.jpg 1024w, https:\/\/www.vrtic-veseli-kutak.hr\/nova\/wp-content\/uploads\/2026\/02\/Djelatnici-Organizacija-rada-u-Djecjem-vrticu-1-300x212.jpg 300w, https:\/\/www.vrtic-veseli-kutak.hr\/nova\/wp-content\/uploads\/2026\/02\/Djelatnici-Organizacija-rada-u-Djecjem-vrticu-1-768x543.jpg 768w, https:\/\/www.vrtic-veseli-kutak.hr\/nova\/wp-content\/uploads\/2026\/02\/Djelatnici-Organizacija-rada-u-Djecjem-vrticu-1-1536x1085.jpg 1536w, https:\/\/www.vrtic-veseli-kutak.hr\/nova\/wp-content\/uploads\/2026\/02\/Djelatnici-Organizacija-rada-u-Djecjem-vrticu-1.jpg 1755w\" sizes=\"auto, (max-width: 1024px) 100vw, 1024px\" \/><\/figure>\n<\/div>","protected":false},"excerpt":{"rendered":"","protected":false},"author":1,"featured_media":3437,"parent":0,"menu_order":0,"comment_status":"closed","ping_status":"closed","template":"","meta":{"footnotes":""},"class_list":["post-2774","page","type-page","status-publish","has-post-thumbnail","hentry"],"_links":{"self":[{"href":"https:\/\/www.vrtic-veseli-kutak.hr\/nova\/wp-json\/wp\/v2\/pages\/2774","targetHints":{"allow":["GET"]}}],"collection":[{"href":"https:\/\/www.vrtic-veseli-kutak.hr\/nova\/wp-json\/wp\/v2\/pages"}],"about":[{"href":"https:\/\/www.vrtic-veseli-kutak.hr\/nova\/wp-json\/wp\/v2\/types\/page"}],"author":[{"embeddable":true,"href":"https:\/\/www.vrtic-veseli-kutak.hr\/nova\/wp-json\/wp\/v2\/users\/1"}],"replies":[{"embeddable":true,"href":"https:\/\/www.vrtic-veseli-kutak.hr\/nova\/wp-json\/wp\/v2\/comments?post=2774"}],"version-history":[{"count":54,"href":"https:\/\/www.vrtic-veseli-kutak.hr\/nova\/wp-json\/wp\/v2\/pages\/2774\/revisions"}],"predecessor-version":[{"id":3488,"href":"https:\/\/www.vrtic-veseli-kutak.hr\/nova\/wp-json\/wp\/v2\/pages\/2774\/revisions\/3488"}],"wp:featuredmedia":[{"embeddable":true,"href":"https:\/\/www.vrtic-veseli-kutak.hr\/nova\/wp-json\/wp\/v2\/media\/3437"}],"wp:attachment":[{"href":"https:\/\/www.vrtic-veseli-kutak.hr\/nova\/wp-json\/wp\/v2\/media?parent=2774"}],"curies":[{"name":"wp","href":"https:\/\/api.w.org\/{rel}","templated":true}]}}